{"id":2639,"date":"2020-07-14T06:19:40","date_gmt":"2020-07-14T06:19:40","guid":{"rendered":"https:\/\/odysseushotel.gr\/?page_id=2639"},"modified":"2021-09-20T10:20:31","modified_gmt":"2021-09-20T10:20:31","slug":"covid-19","status":"publish","type":"page","link":"https:\/\/mail.odysseushotel.gr\/de\/covid-19\/","title":{"rendered":"Covid-19"},"content":{"rendered":"<p>Wegen des Coronavirus (COVID-19) k\u00f6nnte diese Unterkunft zus\u00e4tzliche Dokumente der G\u00e4ste ben\u00f6tigen, um deren Identit\u00e4t, deren Reiseplan und weitere erforderliche Informationen zu pr\u00fcfen.<\/p>\n<p>Wegen des Coronavirus (COVID-19) wurden in dieser Unterkunft zus\u00e4tzliche Sicherheits- und Hygienema\u00dfnahmen unternommen.<\/p>\n<p>Wegen des Coronavirus (COVID-19) k\u00f6nnten Essens- und Getr\u00e4nkeangebote in dieser Unterkunft begrenzt oder \u00fcberhaupt nicht verf\u00fcgbar sein. Wir bieten Kellner Service Fr\u00fchst\u00fcck (Buffet)<\/p>\n<p>Wegen des Coronavirus (COVID-19) hat diese Unterkunft Ma\u00dfnahmen unternommen, um die Sicherheit der G\u00e4ste und des Personals zu gew\u00e4hrleisten. Bestimmte Services und Einrichtungen k\u00f6nnten daher nicht oder nur eingeschr\u00e4nkt zur Verf\u00fcgung stehen.<\/p>\n<p>Wegen des Coronavirus (COVID-19) hat diese Unterkunft seine Service- und Rezeptionszeiten verringert.<\/p>\n<p>Bitte teilen Sie der Unterkunft Odysseus Hotel Ihre voraussichtliche Ankunftszeit im Voraus mit. Nutzen Sie hierf\u00fcr bei der Buchung das Feld f\u00fcr besondere Anfragen oder kontaktieren Sie die Unterkunft direkt.<\/p>\n<p>Beim Check-in m\u00fcssen Sie einen Lichtbildausweis sowie eine Kreditkarte vorlegen. Sonderw\u00fcnsche unterliegen der Verf\u00fcgbarkeit und sind gegebenenfalls mit einem Aufpreis verbunden.<\/p>\n<h2>HEALTH &amp; SAFETY PLAN<\/h2>\n<h3>YOUR HEALTH &amp; SAFETY OUR TOP PRIORITY<\/h3>\n<p>The outbreak of COVID-19 has had an enormous impact on our lives, our societies and our economy. Greece\u2019s prompt action and remarkable efforts have led to the containment of the virus.<\/p>\n<p>At ODYSSEUS Hotel, we are delighted to welcome our guests back, making the most of our unique family touch and impeccable Greek essence to bring to life enriching experiences for you.<\/p>\n<p>We are looking forward to welcoming you soon with all our heart to our safe and protected hotel &amp; Villa under the Greek sun!<\/p>\n<h4>DETAILED PREVENTION PLAN FOR EVERY HOTEL AREA<\/h4>\n<ol>\n<li>Operation at low occupancy to ensure proper distancing<\/li>\n<li>Intensified cleaning &amp; disinfection across all high- volume touchpoints &amp; guestrooms<\/li>\n<li>Disinfectant dispensers for guests in public areas<\/li>\n<li>High standards of food safety procedures.<\/li>\n<li>Social distancing specifications in all areas<\/li>\n<li>Simple &amp; fast check-in \/ check-out procedures.<\/li>\n<li>Doctors on call 24\/7 to provide special care to our guests<\/li>\n<li>Ongoing training for our compliant staff<\/li>\n<\/ol>\n<h4>STAFF<\/h4>\n<p>Training for all staff on hygiene and prevention measures<\/p>\n<p>Staff will be measured at the beginning of each shift as part of individual responsibility<\/p>\n<p>Staff equipped with PPE and trained in its correct use to guarantee everyone&#8217;s safety<\/p>\n<p>Social distancing measures<\/p>\n<h4>FRONT DESK<\/h4>\n<p>Simple &amp; fast electronic check-in and check-out<\/p>\n<p>Prioritization of payment by contactless credit card<\/p>\n<p>Social distancing measures between guests and employees<\/p>\n<p>Disinfection and sterilization of magnetic keys cards and keys, pens, money &amp; credit cards after each use<\/p>\n<h4>PUBLIC AREAS<\/h4>\n<p>Increased cleaning and disinfection across all high- volume touchpoints, with special attention to restrooms<\/p>\n<p>Daily natural ventilation of all areas<\/p>\n<p>Maximum capacity established and rearrangement of furniture in order to guarantee minimum safety distance between people<\/p>\n<p>Elevators to be used by one person, families or guests of one room at a time<\/p>\n<p>Health stations with disinfectant dispensers throughout the hotel<\/p>\n<h4>ROOMS<\/h4>\n<p>Complete disinfection of rooms, bathrooms and all high touchpoints<\/p>\n<p>All extraneous items to be removed from the room (extra pillows, blankets)<\/p>\n<p>Social distancing between cleaning staff and guests<\/p>\n<p>Disinfection of all furniture made out of fabric with steam cleaners and disinfectants<\/p>\n<p>All cleaning and disinfectant materials used are non-toxic and safe particularly for people with allergies.<\/p>\n<p>Ventilation of rooms after evacuation.<\/p>\n<h3>HIGH-TOUCH DEEP CLEAN AREAS IN THE GUEST ROOM<\/h3>\n<h4>SWITCHES &amp; ELECTRONIC CONTROLS<\/h4>\n<p>Lights, lamps, switches and remote controls<\/p>\n<h4>KNOBS &amp; HANDLES<\/h4>\n<p>Doors, windows, closets, drawers, furniture knobs and handles BATHROOM SURFACES<\/p>\n<p>Toilet and bathroom handles, bathroom curtains, toilet seat and flush, shower control, taps, dispensers, tub controls and sink faucets<\/p>\n<h4>CLIMATE CONTROL PANELS<\/h4>\n<p>Remote controls<\/p>\n<h4>TELEPHONES &amp; REMOTE CONTROLS<\/h4>\n<p>Handsets, dial pads and function buttons<\/p>\n<h4>BED &amp; BEDDING<\/h4>\n<p>All bed linens including duvet covers, pillowcases and sheets, bed scarfs and bedspreads<\/p>\n<h4>BATH AMENITIES<\/h4>\n<p>Bathroom vanities and accessories, soap dishes, amenity trays and hair dryer<\/p>\n<h4>HARD SURFACES<\/h4>\n<p>Tables, desks, chairs, food contact surfaces, nightstands, mirrors, frames and all hard surfaces<\/p>\n<h4>CLOSET ITEMS<\/h4>\n<p>Wardrobes, hangers, iron, safe handle<\/p>\n<h4>RESTAURANT &amp; BARS<\/h4>\n<p>Hand sanitizer dispensers at the restaurant &amp; bars<\/p>\n<p>Strict personal hygiene policies for our staff<\/p>\n<p>Reduction of seating capacity &amp; arrangement of tables to allow a maximum of 4 persons for 10 sq.m.<\/p>\n<p>Guests will be seated at their tables, served by our staff<\/p>\n<p>Disinfection of tables and chairs before &amp; after each service<\/p>\n<p>High standards of food safety and hygiene<\/p>\n<p>Menu available through contactless QR Codes or printed for single use<\/p>\n<h4>RECREATION AREAS<\/h4>\n<p>Maintenance of social distancing of at least 1,5m<\/p>\n<p>Cleaning and sanitization of all surfaces \/ door handles \/ after each use<\/p>\n<p>For pool, water recirculation time every 4 hrs &amp; acceptance of 1 bather for every 5 sq.m. of water<\/p>\n<p>Disinfection of lounge chairs after each sitting<\/p>\n<p>Excellent hygiene practices at massage and beauty treatments<\/p>\n<h4>GUESTS ADVISED TO<\/h4>\n<p>Maintain social distancing at all times<\/p>\n<p>Wash &amp; disinfect your hands frequently<\/p>\n<p>Maintain a good personal hygiene<\/p>\n<p>Change daily into clean clothes<\/p>\n<p>Avoid touching eyes, nose &amp; mouth<\/p>\n<p>Cover your mouth &amp; nose of you sneeze or cough<\/p>\n<p>Keep your hands &amp; disinfected when you are in public areas<\/p>\n<p>In case you are not feeling well, stay in your room and call the reception &#8211; doctors on call 24\/7.<\/p>\n<p>&nbsp;<\/p>\n<p><strong>We are looking forward to meeting you soon to our safe and welcoming hotel &amp; villa<\/strong><\/p>\n","protected":false},"excerpt":{"rendered":"<p>Wegen des Coronavirus (COVID-19) k\u00f6nnte diese Unterkunft zus\u00e4tzliche Dokumente der G\u00e4ste ben\u00f6tigen, um deren Identit\u00e4t, deren Reiseplan und weitere erforderliche Informationen zu pr\u00fcfen. Wegen des Coronavirus (COVID-19) wurden in dieser Unterkunft zus\u00e4tzliche Sicherheits- und Hygienema\u00dfnahmen unternommen. Wegen des Coronavirus (COVID-19) k\u00f6nnten Essens- und Getr\u00e4nkeangebote in dieser Unterkunft begrenzt oder \u00fcberhaupt nicht verf\u00fcgbar sein. Wir bieten [&hellip;]<\/p>\n","protected":false},"author":1,"featured_media":0,"parent":0,"menu_order":8,"comment_status":"closed","ping_status":"closed","template":"terms-template.php","meta":{"_acf_changed":false,"footnotes":""},"class_list":["post-2639","page","type-page","status-publish","hentry"],"acf":[],"yoast_head":"<!-- This site is optimized with the Yoast SEO plugin v25.3.1 - https:\/\/yoast.com\/wordpress\/plugins\/seo\/ -->\n<title>Covid-19 | Odysseus Hotel Paleokastritsa<\/title>\n<meta name=\"robots\" content=\"noindex, follow\" \/>\n<meta property=\"og:locale\" content=\"de_DE\" \/>\n<meta property=\"og:type\" content=\"article\" \/>\n<meta property=\"og:title\" content=\"Covid-19 | Odysseus Hotel Paleokastritsa\" \/>\n<meta property=\"og:description\" content=\"Wegen des Coronavirus (COVID-19) k\u00f6nnte diese Unterkunft zus\u00e4tzliche Dokumente der G\u00e4ste ben\u00f6tigen, um deren Identit\u00e4t, deren Reiseplan und weitere erforderliche Informationen zu pr\u00fcfen. Wegen des Coronavirus (COVID-19) wurden in dieser Unterkunft zus\u00e4tzliche Sicherheits- und Hygienema\u00dfnahmen unternommen. Wegen des Coronavirus (COVID-19) k\u00f6nnten Essens- und Getr\u00e4nkeangebote in dieser Unterkunft begrenzt oder \u00fcberhaupt nicht verf\u00fcgbar sein. Wir bieten [&hellip;]\" \/>\n<meta property=\"og:url\" content=\"https:\/\/mail.odysseushotel.gr\/de\/covid-19\/\" \/>\n<meta property=\"og:site_name\" content=\"Odysseus Hotel Paleokastritsa\" \/>\n<meta property=\"article:modified_time\" content=\"2021-09-20T10:20:31+00:00\" \/>\n<meta property=\"og:image\" content=\"https:\/\/mail.odysseushotel.gr\/wp-content\/uploads\/2020\/02\/Social-Card-Odysseus-Hotel-Paleokastritsa.jpg\" \/>\n\t<meta property=\"og:image:width\" content=\"1000\" \/>\n\t<meta property=\"og:image:height\" content=\"668\" \/>\n\t<meta property=\"og:image:type\" content=\"image\/jpeg\" \/>\n<meta name=\"twitter:card\" content=\"summary_large_image\" \/>\n<meta name=\"twitter:label1\" content=\"Gesch\u00e4tzte Lesezeit\" \/>\n\t<meta name=\"twitter:data1\" content=\"4\u00a0Minuten\" \/>\n<script type=\"application\/ld+json\" class=\"yoast-schema-graph\">{\"@context\":\"https:\/\/schema.org\",\"@graph\":[{\"@type\":\"WebPage\",\"@id\":\"https:\/\/mail.odysseushotel.gr\/de\/covid-19\/\",\"url\":\"https:\/\/mail.odysseushotel.gr\/de\/covid-19\/\",\"name\":\"Covid-19 | Odysseus Hotel Paleokastritsa\",\"isPartOf\":{\"@id\":\"https:\/\/www.odysseushotel.gr\/#website\"},\"datePublished\":\"2020-07-14T06:19:40+00:00\",\"dateModified\":\"2021-09-20T10:20:31+00:00\",\"breadcrumb\":{\"@id\":\"https:\/\/mail.odysseushotel.gr\/de\/covid-19\/#breadcrumb\"},\"inLanguage\":\"de\",\"potentialAction\":[{\"@type\":\"ReadAction\",\"target\":[\"https:\/\/mail.odysseushotel.gr\/de\/covid-19\/\"]}]},{\"@type\":\"BreadcrumbList\",\"@id\":\"https:\/\/mail.odysseushotel.gr\/de\/covid-19\/#breadcrumb\",\"itemListElement\":[{\"@type\":\"ListItem\",\"position\":1,\"name\":\"Home\",\"item\":\"https:\/\/www.odysseushotel.gr\/de\/\"},{\"@type\":\"ListItem\",\"position\":2,\"name\":\"Covid-19\"}]},{\"@type\":\"WebSite\",\"@id\":\"https:\/\/www.odysseushotel.gr\/#website\",\"url\":\"https:\/\/www.odysseushotel.gr\/\",\"name\":\"Odysseus Hotel Paleokastritsa\",\"description\":\"Sea View Hotel Corfu\",\"publisher\":{\"@id\":\"https:\/\/www.odysseushotel.gr\/#organization\"},\"potentialAction\":[{\"@type\":\"SearchAction\",\"target\":{\"@type\":\"EntryPoint\",\"urlTemplate\":\"https:\/\/www.odysseushotel.gr\/?s={search_term_string}\"},\"query-input\":{\"@type\":\"PropertyValueSpecification\",\"valueRequired\":true,\"valueName\":\"search_term_string\"}}],\"inLanguage\":\"de\"},{\"@type\":\"Organization\",\"@id\":\"https:\/\/www.odysseushotel.gr\/#organization\",\"name\":\"Odysseus Hotel\",\"url\":\"https:\/\/www.odysseushotel.gr\/\",\"logo\":{\"@type\":\"ImageObject\",\"inLanguage\":\"de\",\"@id\":\"https:\/\/www.odysseushotel.gr\/#\/schema\/logo\/image\/\",\"url\":\"https:\/\/odysseushotel.gr\/wp-content\/uploads\/2020\/01\/Odysseus-Hotel.png\",\"contentUrl\":\"https:\/\/odysseushotel.gr\/wp-content\/uploads\/2020\/01\/Odysseus-Hotel.png\",\"width\":249,\"height\":181,\"caption\":\"Odysseus Hotel\"},\"image\":{\"@id\":\"https:\/\/www.odysseushotel.gr\/#\/schema\/logo\/image\/\"}}]}<\/script>\n<!-- \/ Yoast SEO plugin. -->","yoast_head_json":{"title":"Covid-19 | Odysseus Hotel Paleokastritsa","robots":{"index":"noindex","follow":"follow"},"og_locale":"de_DE","og_type":"article","og_title":"Covid-19 | Odysseus Hotel Paleokastritsa","og_description":"Wegen des Coronavirus (COVID-19) k\u00f6nnte diese Unterkunft zus\u00e4tzliche Dokumente der G\u00e4ste ben\u00f6tigen, um deren Identit\u00e4t, deren Reiseplan und weitere erforderliche Informationen zu pr\u00fcfen. Wegen des Coronavirus (COVID-19) wurden in dieser Unterkunft zus\u00e4tzliche Sicherheits- und Hygienema\u00dfnahmen unternommen. Wegen des Coronavirus (COVID-19) k\u00f6nnten Essens- und Getr\u00e4nkeangebote in dieser Unterkunft begrenzt oder \u00fcberhaupt nicht verf\u00fcgbar sein. Wir bieten [&hellip;]","og_url":"https:\/\/mail.odysseushotel.gr\/de\/covid-19\/","og_site_name":"Odysseus Hotel Paleokastritsa","article_modified_time":"2021-09-20T10:20:31+00:00","og_image":[{"width":1000,"height":668,"url":"https:\/\/mail.odysseushotel.gr\/wp-content\/uploads\/2020\/02\/Social-Card-Odysseus-Hotel-Paleokastritsa.jpg","type":"image\/jpeg"}],"twitter_card":"summary_large_image","twitter_misc":{"Gesch\u00e4tzte Lesezeit":"4\u00a0Minuten"},"schema":{"@context":"https:\/\/schema.org","@graph":[{"@type":"WebPage","@id":"https:\/\/mail.odysseushotel.gr\/de\/covid-19\/","url":"https:\/\/mail.odysseushotel.gr\/de\/covid-19\/","name":"Covid-19 | Odysseus Hotel Paleokastritsa","isPartOf":{"@id":"https:\/\/www.odysseushotel.gr\/#website"},"datePublished":"2020-07-14T06:19:40+00:00","dateModified":"2021-09-20T10:20:31+00:00","breadcrumb":{"@id":"https:\/\/mail.odysseushotel.gr\/de\/covid-19\/#breadcrumb"},"inLanguage":"de","potentialAction":[{"@type":"ReadAction","target":["https:\/\/mail.odysseushotel.gr\/de\/covid-19\/"]}]},{"@type":"BreadcrumbList","@id":"https:\/\/mail.odysseushotel.gr\/de\/covid-19\/#breadcrumb","itemListElement":[{"@type":"ListItem","position":1,"name":"Home","item":"https:\/\/www.odysseushotel.gr\/de\/"},{"@type":"ListItem","position":2,"name":"Covid-19"}]},{"@type":"WebSite","@id":"https:\/\/www.odysseushotel.gr\/#website","url":"https:\/\/www.odysseushotel.gr\/","name":"Odysseus Hotel Paleokastritsa","description":"Sea View Hotel Corfu","publisher":{"@id":"https:\/\/www.odysseushotel.gr\/#organization"},"potentialAction":[{"@type":"SearchAction","target":{"@type":"EntryPoint","urlTemplate":"https:\/\/www.odysseushotel.gr\/?s={search_term_string}"},"query-input":{"@type":"PropertyValueSpecification","valueRequired":true,"valueName":"search_term_string"}}],"inLanguage":"de"},{"@type":"Organization","@id":"https:\/\/www.odysseushotel.gr\/#organization","name":"Odysseus Hotel","url":"https:\/\/www.odysseushotel.gr\/","logo":{"@type":"ImageObject","inLanguage":"de","@id":"https:\/\/www.odysseushotel.gr\/#\/schema\/logo\/image\/","url":"https:\/\/odysseushotel.gr\/wp-content\/uploads\/2020\/01\/Odysseus-Hotel.png","contentUrl":"https:\/\/odysseushotel.gr\/wp-content\/uploads\/2020\/01\/Odysseus-Hotel.png","width":249,"height":181,"caption":"Odysseus Hotel"},"image":{"@id":"https:\/\/www.odysseushotel.gr\/#\/schema\/logo\/image\/"}}]}},"_links":{"self":[{"href":"https:\/\/mail.odysseushotel.gr\/de\/wp-json\/wp\/v2\/pages\/2639","targetHints":{"allow":["GET"]}}],"collection":[{"href":"https:\/\/mail.odysseushotel.gr\/de\/wp-json\/wp\/v2\/pages"}],"about":[{"href":"https:\/\/mail.odysseushotel.gr\/de\/wp-json\/wp\/v2\/types\/page"}],"author":[{"embeddable":true,"href":"https:\/\/mail.odysseushotel.gr\/de\/wp-json\/wp\/v2\/users\/1"}],"replies":[{"embeddable":true,"href":"https:\/\/mail.odysseushotel.gr\/de\/wp-json\/wp\/v2\/comments?post=2639"}],"version-history":[{"count":5,"href":"https:\/\/mail.odysseushotel.gr\/de\/wp-json\/wp\/v2\/pages\/2639\/revisions"}],"predecessor-version":[{"id":2835,"href":"https:\/\/mail.odysseushotel.gr\/de\/wp-json\/wp\/v2\/pages\/2639\/revisions\/2835"}],"wp:attachment":[{"href":"https:\/\/mail.odysseushotel.gr\/de\/wp-json\/wp\/v2\/media?parent=2639"}],"curies":[{"name":"wp","href":"https:\/\/api.w.org\/{rel}","templated":true}]}}